{"id":2,"date":"2023-04-25T17:13:42","date_gmt":"2023-04-25T22:13:42","guid":{"rendered":"http:\/\/kplus.com.co\/?page_id=2"},"modified":"2023-10-11T14:07:00","modified_gmt":"2023-10-11T19:07:00","slug":"contacto","status":"publish","type":"page","link":"https:\/\/kplus.com.co\/index.php\/contacto\/","title":{"rendered":"Contacto"},"content":{"rendered":"\n<div class=\"wp-block-uagb-marketing-button uagb-marketing-btn__align-center uagb-marketing-btn__align-text-center uagb-marketing-btn__icon-after uagb-block-f411e4e8 wp-block-button\"><a href=\"\/\/api.whatsapp.com\/send?phone=16468096127&amp;text=Hola\" class=\"uagb-marketing-btn__link wp-block-button__link\" target=\"_blank\" rel=\"noopener noreferrer\"><span class=\"uagb-marketing-btn__title\">Click para contacto personalizado<\/span><svg xmlns=\"https:\/\/www.w3.org\/2000\/svg\" viewBox=\"0 0 448 512\"><path d=\"M380.9 97.1C339 55.1 283.2 32 223.9 32c-122.4 0-222 99.6-222 222 0 39.1 10.2 77.3 29.6 111L0 480l117.7-30.9c32.4 17.7 68.9 27 106.1 27h.1c122.3 0 224.1-99.6 224.1-222 0-59.3-25.2-115-67.1-157zm-157 341.6c-33.2 0-65.7-8.9-94-25.7l-6.7-4-69.8 18.3L72 359.2l-4.4-7c-18.5-29.4-28.2-63.3-28.2-98.2 0-101.7 82.8-184.5 184.6-184.5 49.3 0 95.6 19.2 130.4 54.1 34.8 34.9 56.2 81.2 56.1 130.5 0 101.8-84.9 184.6-186.6 184.6zm101.2-138.2c-5.5-2.8-32.8-16.2-37.9-18-5.1-1.9-8.8-2.8-12.5 2.8-3.7 5.6-14.3 18-17.6 21.8-3.2 3.7-6.5 4.2-12 1.4-32.6-16.3-54-29.1-75.5-66-5.7-9.8 5.7-9.1 16.3-30.3 1.8-3.7 .9-6.9-.5-9.7-1.4-2.8-12.5-30.1-17.1-41.2-4.5-10.8-9.1-9.3-12.5-9.5-3.2-.2-6.9-.2-10.6-.2-3.7 0-9.7 1.4-14.8 6.9-5.1 5.6-19.4 19-19.4 46.3 0 27.3 19.9 53.7 22.6 57.4 2.8 3.7 39.1 59.7 94.8 83.8 35.2 15.2 49 16.5 66.6 13.9 10.7-1.6 32.8-13.4 37.4-26.4 4.6-13 4.6-24.1 3.2-26.4-1.3-2.5-5-3.9-10.5-6.6z\"><\/path><\/svg><p class=\"uagb-marketing-btn__prefix\">Contacta uno de nuestros agentes por whatsapp<\/p><\/a><\/div>\n\n\n<div class='fluentform ff-default fluentform_wrapper_3 ffs_default_wrap'><form data-form_id=\"3\" id=\"fluentform_3\" class=\"frm-fluent-form fluent_form_3 ff-el-form-top ff_form_instance_3_1 ff-form-loading ffs_default\" data-form_instance=\"ff_form_instance_3_1\" method=\"POST\" ><fieldset  style=\"border: none!important;margin: 0!important;padding: 0!important;background-color: transparent!important;box-shadow: none!important;outline: none!important; min-inline-size: 100%;\">\n                    <legend class=\"ff_screen_reader_title\" style=\"display: block; margin: 0!important;padding: 0!important;height: 0!important;text-indent: -999999px;width: 0!important;overflow:hidden;\">Formulario K Plus<\/legend><input type='hidden' name='__fluent_form_embded_post_id' value='2' \/><input type=\"hidden\" id=\"_fluentform_3_fluentformnonce\" name=\"_fluentform_3_fluentformnonce\" value=\"b8c1435b78\" \/><input type=\"hidden\" name=\"_wp_http_referer\" value=\"\/index.php\/wp-json\/wp\/v2\/pages\/2\" \/><div data-name=\"welcome_screen-3_1\" class=\"ff-el-group ff-el-section-break  ff_center\" ><h3 class='ff-el-section-title'>INICIA UNA CONSULTA GRATUITA<\/h3><div class='ff-section_break_desk'><\/div><\/div><div class='ff-el-group'><div class=\"ff-el-input--label ff-el-is-required asterisk-right\"><label for='ff_3_input_text' aria-label=\"Nombre\">Nombre<\/label><\/div><div class='ff-el-input--content'><input type=\"text\" name=\"input_text\" class=\"ff-el-form-control\" placeholder=\"ej: Manuela Martinez\" data-name=\"input_text\" id=\"ff_3_input_text\"  aria-invalid=\"false\" aria-required=true><\/div><\/div><div class='ff-el-group'><div class=\"ff-el-input--label ff-el-is-required asterisk-right\"><label for='ff_3_email' aria-label=\"Email\">Email<\/label><div class=\"ff-el-tooltip\" data-content=\"Please Provide your Email Address\"><svg width=\"16\" height=\"16\" viewBox=\"0 0 25 25\"><path d=\"m329 393l0-46c0-2-1-4-2-6-2-2-4-3-7-3l-27 0 0-146c0-3-1-5-3-7-2-1-4-2-7-2l-91 0c-3 0-5 1-7 2-1 2-2 4-2 7l0 46c0 2 1 5 2 6 2 2 4 3 7 3l27 0 0 91-27 0c-3 0-5 1-7 3-1 2-2 4-2 6l0 46c0 3 1 5 2 7 2 1 4 2 7 2l128 0c3 0 5-1 7-2 1-2 2-4 2-7z m-36-256l0-46c0-2-1-4-3-6-2-2-4-3-7-3l-54 0c-3 0-5 1-7 3-2 2-3 4-3 6l0 46c0 3 1 5 3 7 2 1 4 2 7 2l54 0c3 0 5-1 7-2 2-2 3-4 3-7z m182 119c0 40-9 77-29 110-20 34-46 60-80 80-33 20-70 29-110 29-40 0-77-9-110-29-34-20-60-46-80-80-20-33-29-70-29-110 0-40 9-77 29-110 20-34 46-60 80-80 33-20 70-29 110-29 40 0 77 9 110 29 34 20 60 46 80 80 20 33 29 70 29 110z\" transform=\"scale(0.046875 0.046875)\"><\/path><\/svg><\/div><\/div><div class='ff-el-input--content'><input type=\"email\" name=\"email\" id=\"ff_3_email\" class=\"ff-el-form-control\" placeholder=\"Email Address\" data-name=\"email\"  aria-invalid=\"false\" aria-required=true><\/div><\/div><div class='ff-el-group'><div class=\"ff-el-input--label ff-el-is-required asterisk-right\"><label for='ff_3_numeric-field' aria-label=\"N\u00famero de contacto\">N\u00famero de contacto<\/label><\/div><div class='ff-el-input--content'><input type=\"number\" name=\"numeric-field\" id=\"ff_3_numeric-field\" class=\"ff-el-form-control\" placeholder=\"ej: +1800 327 9317\" data-name=\"numeric-field\" inputmode=\"numeric\" step=\"any\"  aria-invalid=\"false\" aria-required=true><\/div><\/div><div class='ff-el-group'><div class=\"ff-el-input--label asterisk-right\"><label  aria-label=\"\u00bfQu\u00e9 te motiva a reparar tu cr\u00e9dito?\">\u00bfQu\u00e9 te motiva a reparar tu cr\u00e9dito?<\/label><\/div><div class='ff-el-input--content'><div class='ff-el-form-check ff-el-form-check-'><label class='ff-el-form-check-label' for=checkbox_3_105f89971dacd8a5a057028f121a39b4><input  type=\"checkbox\" name=\"checkbox_3[]\" data-name=\"checkbox_3\" class=\"ff-el-form-check-input ff-el-form-check-checkbox\" value=\"Obtener mejores tarjetas de cr\u00e9dito\"  id='checkbox_3_105f89971dacd8a5a057028f121a39b4' aria-label='Obtener mejores tarjetas de cr\u00e9dito' aria-invalid='false' aria-required=false> <span>Obtener mejores tarjetas de cr\u00e9dito<\/span><\/label><\/div><div class='ff-el-form-check ff-el-form-check-'><label class='ff-el-form-check-label' for=checkbox_3_ab8c73077bcd238a66c36195f702cda9><input  type=\"checkbox\" name=\"checkbox_3[]\" data-name=\"checkbox_3\" class=\"ff-el-form-check-input ff-el-form-check-checkbox\" value=\"Acceder a mejores oportunidades de trabajo\"  id='checkbox_3_ab8c73077bcd238a66c36195f702cda9' aria-label='Acceder a mejores oportunidades de trabajo' aria-invalid='false' aria-required=false> <span>Acceder a mejores oportunidades de trabajo<\/span><\/label><\/div><div class='ff-el-form-check ff-el-form-check-'><label class='ff-el-form-check-label' for=checkbox_3_d7da9a02400f3e7d478c4dd540ee6ede><input  type=\"checkbox\" name=\"checkbox_3[]\" data-name=\"checkbox_3\" class=\"ff-el-form-check-input ff-el-form-check-checkbox\" value=\"Comprar un autom\u00f3vil\"  id='checkbox_3_d7da9a02400f3e7d478c4dd540ee6ede' aria-label='Comprar un autom\u00f3vil' aria-invalid='false' aria-required=false> <span>Comprar un autom\u00f3vil<\/span><\/label><\/div><div class='ff-el-form-check ff-el-form-check-'><label class='ff-el-form-check-label' for=checkbox_3_8639f5a51791d8cbca8c215c017e061e><input  type=\"checkbox\" name=\"checkbox_3[]\" data-name=\"checkbox_3\" class=\"ff-el-form-check-input ff-el-form-check-checkbox\" value=\"Alquilar un apartamento o casa\"  id='checkbox_3_8639f5a51791d8cbca8c215c017e061e' aria-label='Alquilar un apartamento o casa' aria-invalid='false' aria-required=false> <span>Alquilar un apartamento o casa<\/span><\/label><\/div><div class='ff-el-form-check ff-el-form-check-'><label class='ff-el-form-check-label' for=checkbox_3_abdc9f64aebb63121b61d7af042555ac><input  type=\"checkbox\" name=\"checkbox_3[]\" data-name=\"checkbox_3\" class=\"ff-el-form-check-input ff-el-form-check-checkbox\" value=\"Obtener pr\u00e9stamos con mejores condiciones\"  id='checkbox_3_abdc9f64aebb63121b61d7af042555ac' aria-label='Obtener pr\u00e9stamos con mejores condiciones' aria-invalid='false' aria-required=false> <span>Obtener pr\u00e9stamos con mejores condiciones<\/span><\/label><\/div><div class='ff-el-form-check ff-el-form-check-'><label class='ff-el-form-check-label' for=checkbox_3_37a12403cf5e4c7a29d417f232b0b435><input  type=\"checkbox\" name=\"checkbox_3[]\" data-name=\"checkbox_3\" class=\"ff-el-form-check-input ff-el-form-check-checkbox\" value=\"Solo obtener cr\u00e9dito\"  id='checkbox_3_37a12403cf5e4c7a29d417f232b0b435' aria-label='Solo obtener cr\u00e9dito' aria-invalid='false' aria-required=false> <span>Solo obtener cr\u00e9dito<\/span><\/label><\/div><\/div><\/div><div class='ff-el-group'><div class=\"ff-el-input--label asterisk-right\"><label  aria-label=\"\u00bfQu\u00e9 tipo de problemas tiene en su cr\u00e9dito?\">\u00bfQu\u00e9 tipo de problemas tiene en su cr\u00e9dito?<\/label><\/div><div class='ff-el-input--content'><div class='ff-el-form-check ff-el-form-check-'><label class='ff-el-form-check-label' for=checkbox_4_72dc9d439a8be1f058eb9b01944b0ce4><input  type=\"checkbox\" name=\"checkbox_4[]\" data-name=\"checkbox_4\" class=\"ff-el-form-check-input ff-el-form-check-checkbox\" value=\"Atrasos\"  id='checkbox_4_72dc9d439a8be1f058eb9b01944b0ce4' aria-label='Atrasos' aria-invalid='false' aria-required=false> <span>Atrasos<\/span><\/label><\/div><div class='ff-el-form-check ff-el-form-check-'><label class='ff-el-form-check-label' for=checkbox_4_ffcd7a6ad6e662e6d69cb310f525e14f><input  type=\"checkbox\" name=\"checkbox_4[]\" data-name=\"checkbox_4\" class=\"ff-el-form-check-input ff-el-form-check-checkbox\" value=\"Colecciones\"  id='checkbox_4_ffcd7a6ad6e662e6d69cb310f525e14f' aria-label='Colecciones' aria-invalid='false' aria-required=false> <span>Colecciones<\/span><\/label><\/div><div class='ff-el-form-check ff-el-form-check-'><label class='ff-el-form-check-label' for=checkbox_4_ba8b263a1361662e2fc3898bfe79720a><input  type=\"checkbox\" name=\"checkbox_4[]\" data-name=\"checkbox_4\" class=\"ff-el-form-check-input ff-el-form-check-checkbox\" value=\"Bancarrota\"  id='checkbox_4_ba8b263a1361662e2fc3898bfe79720a' aria-label='Bancarrota' aria-invalid='false' aria-required=false> <span>Bancarrota<\/span><\/label><\/div><div class='ff-el-form-check ff-el-form-check-'><label class='ff-el-form-check-label' for=checkbox_4_c37f920775985218b9d74550d58baad9><input  type=\"checkbox\" name=\"checkbox_4[]\" data-name=\"checkbox_4\" class=\"ff-el-form-check-input ff-el-form-check-checkbox\" value=\"Repociciones\"  id='checkbox_4_c37f920775985218b9d74550d58baad9' aria-label='Repociciones' aria-invalid='false' aria-required=false> <span>Repociciones<\/span><\/label><\/div><div class='ff-el-form-check ff-el-form-check-'><label class='ff-el-form-check-label' for=checkbox_4_e6e2bb1b870a68544cf8fd67899348c6><input  type=\"checkbox\" name=\"checkbox_4[]\" data-name=\"checkbox_4\" class=\"ff-el-form-check-input ff-el-form-check-checkbox\" value=\"Inquiry\/Chequeos\"  id='checkbox_4_e6e2bb1b870a68544cf8fd67899348c6' aria-label='Inquiry\/Chequeos' aria-invalid='false' aria-required=false> <span>Inquiry\/Chequeos<\/span><\/label><\/div><div class='ff-el-form-check ff-el-form-check-'><label class='ff-el-form-check-label' for=checkbox_4_bdecd3c91a5ff05c46c15a52eb8b5410><input  type=\"checkbox\" name=\"checkbox_4[]\" data-name=\"checkbox_4\" class=\"ff-el-form-check-input ff-el-form-check-checkbox\" value=\"No s\u00e9 c\u00f3mo est\u00e1 mi cr\u00e9dito\"  id='checkbox_4_bdecd3c91a5ff05c46c15a52eb8b5410' aria-label='No s\u00e9 c\u00f3mo est\u00e1 mi cr\u00e9dito' aria-invalid='false' aria-required=false> <span>No s\u00e9 c\u00f3mo est\u00e1 mi cr\u00e9dito<\/span><\/label><\/div><div class='ff-el-form-check ff-el-form-check-'><label class='ff-el-form-check-label' for=checkbox_4_04b9acb724db890537ece35d92b9678f><input  type=\"checkbox\" name=\"checkbox_4[]\" data-name=\"checkbox_4\" class=\"ff-el-form-check-input ff-el-form-check-checkbox\" value=\"Otros tipo de problema\"  id='checkbox_4_04b9acb724db890537ece35d92b9678f' aria-label='Otros tipo de problema' aria-invalid='false' aria-required=false> <span>Otros tipo de problema<\/span><\/label><\/div><\/div><\/div><div class='ff-el-group'><div class=\"ff-el-input--label ff-el-is-required asterisk-right\"><label  aria-label=\"\u00bfCu\u00e1l es su puntaje de credito estimada?\">\u00bfCu\u00e1l es su puntaje de credito estimada?<\/label><\/div><div class='ff-el-input--content'><div class='ff-el-form-check ff-el-form-check-'><label class='ff-el-form-check-label' for=checkbox_1_b0ed1b1c239286c9b954ea6fdbfac4a6><input  type=\"checkbox\" name=\"checkbox_1[]\" data-name=\"checkbox_1\" class=\"ff-el-form-check-input ff-el-form-check-checkbox\" value=\"Bueno (m\u00e1s de 650)\"  id='checkbox_1_b0ed1b1c239286c9b954ea6fdbfac4a6' aria-label='Bueno (m\u00e1s de 650)' aria-invalid='false' aria-required=true> <span>Bueno (m\u00e1s de 650)<\/span><\/label><\/div><div class='ff-el-form-check ff-el-form-check-'><label class='ff-el-form-check-label' for=checkbox_1_65b1d4367bbffafbb8af5de8fb8a2a24><input  type=\"checkbox\" name=\"checkbox_1[]\" data-name=\"checkbox_1\" class=\"ff-el-form-check-input ff-el-form-check-checkbox\" value=\"Razonable (550-650)\"  id='checkbox_1_65b1d4367bbffafbb8af5de8fb8a2a24' aria-label='Razonable (550-650)' aria-invalid='false' aria-required=true> <span>Razonable (550-650)<\/span><\/label><\/div><div class='ff-el-form-check ff-el-form-check-'><label class='ff-el-form-check-label' for=checkbox_1_9fc5936075f8249fe840578a6bfd091c><input  type=\"checkbox\" name=\"checkbox_1[]\" data-name=\"checkbox_1\" class=\"ff-el-form-check-input ff-el-form-check-checkbox\" value=\"Pobre (menos de 550)\"  id='checkbox_1_9fc5936075f8249fe840578a6bfd091c' aria-label='Pobre (menos de 550)' aria-invalid='false' aria-required=true> <span>Pobre (menos de 550)<\/span><\/label><\/div><div class='ff-el-form-check ff-el-form-check-'><label class='ff-el-form-check-label' for=checkbox_1_11401ffa5742fb50d684a24b81f3d2df><input  type=\"checkbox\" name=\"checkbox_1[]\" data-name=\"checkbox_1\" class=\"ff-el-form-check-input ff-el-form-check-checkbox\" value=\"Sin cr\u00e9dito \/ No estoy seguro\"  id='checkbox_1_11401ffa5742fb50d684a24b81f3d2df' aria-label='Sin cr\u00e9dito \/ No estoy seguro' aria-invalid='false' aria-required=true> <span>Sin cr\u00e9dito \/ No estoy seguro<\/span><\/label><\/div><div class='ff-el-form-check ff-el-form-check-'><label class='ff-el-form-check-label' for=checkbox_1_adda16a2981c57eee7112e8ae33cdbe2><input  type=\"checkbox\" name=\"checkbox_1[]\" data-name=\"checkbox_1\" class=\"ff-el-form-check-input ff-el-form-check-checkbox\" value=\"Actualmente en bancarrota\"  id='checkbox_1_adda16a2981c57eee7112e8ae33cdbe2' aria-label='Actualmente en bancarrota' aria-invalid='false' aria-required=true> <span>Actualmente en bancarrota<\/span><\/label><\/div><\/div><\/div><div class='ff-el-group'><div class=\"ff-el-input--label ff-el-is-required asterisk-right\"><label for='ff_3_description' aria-label=\"En una escala del 1 al 10, \u00bfqu\u00e9 tan comprometido est\u00e1 con tener un excelente puntaje de cr\u00e9dito? (10 siendo el m\u00e1s comprometido y 1 siendo realmente no me importa)\">En una escala del 1 al 10, \u00bfqu\u00e9 tan comprometido est\u00e1 con tener un excelente puntaje de cr\u00e9dito? (10 siendo el m\u00e1s comprometido y 1 siendo realmente no me importa)<\/label><\/div><div class='ff-el-input--content'><textarea aria-invalid=\"false\" aria-required=true name=\"description\" id=\"ff_3_description\" class=\"ff-el-form-control\" placeholder=\"1 a 10\" rows=\"1\" cols=\"1\" data-name=\"description\" ><\/textarea><\/div><\/div><div class='ff-el-group'><div class=\"ff-el-input--label asterisk-right\"><label for='ff_3_input_text_1' aria-label=\"\u00bfAlgo que quieras comentar sobre tu caso?\">\u00bfAlgo que quieras comentar sobre tu caso?<\/label><\/div><div class='ff-el-input--content'><input type=\"text\" name=\"input_text_1\" class=\"ff-el-form-control\" placeholder=\"Me est\u00e1n llegando cartas de cobro, estoy en un proceso de demanda.\" data-name=\"input_text_1\" id=\"ff_3_input_text_1\"  aria-invalid=\"false\" aria-required=false><\/div><\/div><div class='ff-el-group'><div class=\"ff-el-input--label ff-el-is-required asterisk-right\"><label for='ff_3_datetime' aria-label=\"\u00a1Terminaste! Reserve su tiempo para hablar con nosotros a continuaci\u00f3n.\">\u00a1Terminaste! Reserve su tiempo para hablar con nosotros a continuaci\u00f3n.<\/label><\/div><div class='ff-el-input--content'><input data-type-datepicker data-format='M\/d\/Y' type=\"text\" name=\"datetime\" id=\"ff_3_datetime\" class=\"ff-el-form-control ff-el-datepicker\" placeholder=\"Hora\" data-name=\"datetime\"  aria-invalid='false' aria-required=true><\/div><\/div><div class='ff-el-group ff-text-center ff_submit_btn_wrapper'><button type=\"submit\" class=\"ff-btn ff-btn-submit ff-btn-md ff_btn_style\" >ENVIAR<\/button><\/div><\/fieldset><\/form><div id='fluentform_3_errors' class='ff-errors-in-stack ff_form_instance_3_1 ff-form-loading_errors ff_form_instance_3_1_errors'><\/div><\/div>        <script type=\"text\/javascript\">\n            window.fluent_form_ff_form_instance_3_1 = {\"id\":\"3\",\"settings\":{\"layout\":{\"labelPlacement\":\"top\",\"helpMessagePlacement\":\"with_label\",\"errorMessagePlacement\":\"inline\",\"asteriskPlacement\":\"asterisk-right\"},\"restrictions\":{\"denyEmptySubmission\":{\"enabled\":false}}},\"form_instance\":\"ff_form_instance_3_1\",\"form_id_selector\":\"fluentform_3\",\"rules\":{\"input_text\":{\"required\":{\"value\":true,\"message\":\"This field is required\"}},\"email\":{\"required\":{\"value\":true,\"message\":\"This field is required\"},\"email\":{\"value\":true,\"message\":\"This field must contain a valid email\"}},\"numeric-field\":{\"required\":{\"value\":true,\"message\":\"This field is required\"},\"numeric\":{\"value\":true,\"message\":\"This field must contain numeric value\"},\"min\":{\"value\":\"\",\"message\":\"Minimum value is \"},\"max\":{\"value\":\"\",\"message\":\"Maximum value is \"},\"digits\":{\"value\":\"\",\"message\":\"The number of digits has to be \"}},\"checkbox_3\":{\"required\":{\"value\":false,\"message\":\"This field is required\"}},\"checkbox_4\":{\"required\":{\"value\":false,\"message\":\"This field is required\"}},\"checkbox_1\":{\"required\":{\"value\":true,\"message\":\"This field is required\"}},\"description\":{\"required\":{\"value\":true,\"message\":\"This field is required\"}},\"input_text_1\":{\"required\":{\"value\":false,\"message\":\"This field is required\"}},\"datetime\":{\"required\":{\"value\":true,\"message\":\"This field is required\"}}}};\n                    <\/script>\n        \n\n\n\n<div class=\"wp-block-uagb-call-to-action uagb-block-6e02a5b2 wp-block-button\"><div class=\"uagb-cta__wrap\"><h3 class=\"uagb-cta__title\">Llamada para ser atentido<\/h3><p class=\"uagb-cta__desc\">Llama y agenda tu cita personalizada.<br> <strong>1888 500 2068<\/strong>  <br>Comienza a mejorar tu cr\u00e9dito con la ayuda de nuestros expertos financieros. <br>\u00a1No esperes m\u00e1s para tomar el control de tu salud financiera!<\/p><\/div><div class=\"uagb-cta__buttons\"><a href=\"#18003270317\" class=\"uagb-cta__button-link-wrapper wp-block-button__link\" target=\"_self\" rel=\"noopener noreferrer\">1888 500 2068<svg xmlns=\"https:\/\/www.w3.org\/2000\/svg\" viewBox=\"0 0 512 512\"><path d=\"M511.2 387l-23.25 100.8c-3.266 14.25-15.79 24.22-30.46 24.22C205.2 512 0 306.8 0 54.5c0-14.66 9.969-27.2 24.22-30.45l100.8-23.25C139.7-2.602 154.7 5.018 160.8 18.92l46.52 108.5c5.438 12.78 1.77 27.67-8.98 36.45L144.5 207.1c33.98 69.22 90.26 125.5 159.5 159.5l44.08-53.8c8.688-10.78 23.69-14.51 36.47-8.975l108.5 46.51C506.1 357.2 514.6 372.4 511.2 387z\"><\/path><\/svg><\/a><\/div><\/div>\n","protected":false},"excerpt":{"rendered":"","protected":false},"author":1,"featured_media":0,"parent":0,"menu_order":0,"comment_status":"closed","ping_status":"closed","template":"","meta":{"om_disable_all_campaigns":false,"_uag_custom_page_level_css":"","site-sidebar-layout":"default","site-content-layout":"","ast-site-content-layout":"default","site-content-style":"default","site-sidebar-style":"default","ast-global-header-display":"","ast-banner-title-visibility":"","ast-main-header-display":"","ast-hfb-above-header-display":"","ast-hfb-below-header-display":"","ast-hfb-mobile-header-display":"","site-post-title":"","ast-breadcrumbs-content":"","ast-featured-img":"","footer-sml-layout":"","theme-transparent-header-meta":"","adv-header-id-meta":"","stick-header-meta":"","header-above-stick-meta":"","header-main-stick-meta":"","header-below-stick-meta":"","astra-migrate-meta-layouts":"set"},"aioseo_notices":[],"uagb_featured_image_src":{"full":false,"thumbnail":false,"medium":false,"medium_large":false,"large":false,"1536x1536":false,"2048x2048":false,"woocommerce_thumbnail":false,"woocommerce_single":false,"woocommerce_gallery_thumbnail":false},"uagb_author_info":{"display_name":"juandathh@gmail.com","author_link":"https:\/\/kplus.com.co\/index.php\/author\/juandathhgmail-com\/"},"uagb_comment_info":0,"uagb_excerpt":null,"_links":{"self":[{"href":"https:\/\/kplus.com.co\/index.php\/wp-json\/wp\/v2\/pages\/2"}],"collection":[{"href":"https:\/\/kplus.com.co\/index.php\/wp-json\/wp\/v2\/pages"}],"about":[{"href":"https:\/\/kplus.com.co\/index.php\/wp-json\/wp\/v2\/types\/page"}],"author":[{"embeddable":true,"href":"https:\/\/kplus.com.co\/index.php\/wp-json\/wp\/v2\/users\/1"}],"replies":[{"embeddable":true,"href":"https:\/\/kplus.com.co\/index.php\/wp-json\/wp\/v2\/comments?post=2"}],"version-history":[{"count":11,"href":"https:\/\/kplus.com.co\/index.php\/wp-json\/wp\/v2\/pages\/2\/revisions"}],"predecessor-version":[{"id":2411,"href":"https:\/\/kplus.com.co\/index.php\/wp-json\/wp\/v2\/pages\/2\/revisions\/2411"}],"wp:attachment":[{"href":"https:\/\/kplus.com.co\/index.php\/wp-json\/wp\/v2\/media?parent=2"}],"curies":[{"name":"wp","href":"https:\/\/api.w.org\/{rel}","templated":true}]}}