{"id":2318,"date":"2022-12-15T13:53:32","date_gmt":"2022-12-15T13:53:32","guid":{"rendered":"https:\/\/kplus.com.co\/index.php\/home\/"},"modified":"2024-01-02T18:04:11","modified_gmt":"2024-01-02T23:04:11","slug":"home","status":"publish","type":"page","link":"https:\/\/kplus.com.co\/","title":{"rendered":"Home"},"content":{"rendered":"\n<div class=\"wp-block-uagb-container uagb-block-c95b8f59 alignfull uagb-is-root-container\"><div class=\"uagb-container-inner-blocks-wrap\">\n<div class=\"wp-block-uagb-container uagb-block-06c32810\">\n<div class=\"wp-block-uagb-advanced-heading uagb-block-76696868\"><div class=\"uagb-separator\"><\/div><h6 class=\"uagb-heading-text\">Your Attractive Heading<\/h6><\/div>\n<\/div>\n\n\n\n<div class=\"wp-block-uagb-container uagb-block-afaa2a4d\">\n<h1 class=\"wp-block-heading alignfull has-text-align-left\" style=\"font-size:100px;font-style:normal;font-weight:300;text-transform:uppercase\">Repara tu cr\u00e9dito hoy<\/h1>\n<\/div>\n\n\n\n<div class=\"wp-block-uagb-container uagb-block-bd6735fc\">\n<div class=\"wp-block-uagb-icon-list uagb-block-767e7471\"><div class=\"uagb-icon-list__wrap\">\n<div class=\"wp-block-uagb-icon-list-child uagb-block-fcd99907\"><span class=\"uagb-icon-list__source-wrap\"><svg xmlns=\"https:\/\/www.w3.org\/2000\/svg\" viewBox=\"0 0 448 512\"><path d=\"M96 224C84.72 224 74.05 226.3 64 229.9V224c0-35.3 28.7-64 64-64c17.67 0 32-14.33 32-32S145.7 96 128 96C57.42 96 0 153.4 0 224v96c0 53.02 42.98 96 96 96s96-42.98 96-96S149 224 96 224zM352 224c-11.28 0-21.95 2.305-32 5.879V224c0-35.3 28.7-64 64-64c17.67 0 32-14.33 32-32s-14.33-32-32-32c-70.58 0-128 57.42-128 128v96c0 53.02 42.98 96 96 96s96-42.98 96-96S405 224 352 224z\"><\/path><\/svg><\/span><\/div>\n<\/div><\/div>\n\n\n\n<div class=\"wp-block-uagb-advanced-heading uagb-block-66becb6f\"><h5 class=\"uagb-heading-text\">Tu cr\u00e9dito no define qui\u00e9n eres, pero s\u00ed puede influir en el camino que eliges tomar. <br>Trabajar en su reparaci\u00f3n es como invertir en tu propia libertad financiera<\/h5><\/div>\n\n\n\n<div class=\"wp-block-uagb-advanced-heading uagb-block-82983755\"><\/div>\n\n\n\n<div class=\"wp-block-uagb-image alignright uagb-block-9300a5f3 wp-block-uagb-image--layout-default wp-block-uagb-image--effect-static wp-block-uagb-image--align-right\"><figure class=\"wp-block-uagb-image__figure\"><img decoding=\"async\" srcset=\"https:\/\/kplus.com.co\/wp-content\/uploads\/2022\/12\/signature.png \" sizes=\"(max-width: 480px) 150px\" src=\"https:\/\/kplus.com.co\/wp-content\/uploads\/2022\/12\/signature.png\" alt=\"\" class=\"uag-image-33\" width=\"147\" height=\"139\" title=\"\" loading=\"lazy\"\/><\/figure><\/div>\n<\/div>\n<\/div><\/div>\n\n\n\n<div class=\"wp-block-uagb-container uagb-block-d872df35 alignfull uagb-is-root-container\"><div class=\"uagb-container-inner-blocks-wrap\">\n<div class=\"wp-block-uagb-container uagb-block-523490cf\">\n<div class=\"wp-block-uagb-advanced-heading uagb-block-a273bd79\"><h6 class=\"uagb-heading-text\">01<\/h6><\/div>\n\n\n\n<div class=\"wp-block-uagb-advanced-heading uagb-block-acdc387e\"><h5 class=\"uagb-heading-text\">Servicios<\/h5><\/div>\n<\/div>\n\n\n\n<div class=\"wp-block-uagb-container uagb-block-0196a306\">\n<div class=\"wp-block-uagb-advanced-heading uagb-block-db45722c\"><h4 class=\"uagb-heading-text\">Evaluaci\u00f3n Gratuita de Cr\u00e9dito<\/h4><\/div>\n\n\n\n<div class=\"wp-block-uagb-advanced-heading uagb-block-2e200611\"><h5 class=\"uagb-heading-text\">En K Plus, tu camino hacia un mejor cr\u00e9dito comienza con nuestra Evaluaci\u00f3n Gratuita. Descubre c\u00f3mo podemos impulsar tu salud financiera sin costo alguno.<br><\/h5><div class=\"uagb-separator\"><\/div><\/div>\n<\/div>\n\n\n\n<div class=\"wp-block-uagb-container uagb-block-e6da722f\">\n<div class=\"wp-block-uagb-advanced-heading uagb-block-bce9e429\"><h4 class=\"uagb-heading-text\">Planes Personalizados de Reparaci\u00f3n<\/h4><\/div>\n\n\n\n<div class=\"wp-block-uagb-advanced-heading uagb-block-caf1caa4\"><h5 class=\"uagb-heading-text\">En K Plus, dise\u00f1amos Planes Personalizados de Reparaci\u00f3n para moldear tu cr\u00e9dito seg\u00fan tus necesidades \u00fanicas. Tu ruta personal hacia la libertad financiera comienza aqu\u00ed.<\/h5><div class=\"uagb-separator\"><\/div><\/div>\n<\/div>\n\n\n\n<div class=\"wp-block-uagb-container uagb-block-05affa1e\">\n<div class=\"wp-block-uagb-advanced-heading uagb-block-4564d3d2\"><h4 class=\"uagb-heading-text\">Seguimiento Continuo del Progreso<\/h4><\/div>\n\n\n\n<div class=\"wp-block-uagb-advanced-heading uagb-block-e5a1a6a6\"><h5 class=\"uagb-heading-text\">Con el Seguimiento Continuo del Progreso en K Plus, tu viaje hacia una salud crediticia s\u00f3lida nunca est\u00e1 solo. Estamos a tu lado en cada paso del camino<br><br><\/h5><div class=\"uagb-separator\"><\/div><\/div>\n<\/div>\n<\/div><\/div>\n\n\n\n<div class=\"wp-block-uagb-container uagb-block-39d8d49f alignfull uagb-is-root-container\"><div class=\"uagb-container-inner-blocks-wrap\">\n<div class=\"wp-block-uagb-container uagb-block-8a5af1ef\">\n<div class=\"wp-block-uagb-advanced-heading uagb-block-745562ad\"><h6 class=\"uagb-heading-text\">02<\/h6><\/div>\n\n\n\n<div class=\"wp-block-uagb-advanced-heading uagb-block-28a186cd\"><h5 class=\"uagb-heading-text\">Nosotros<\/h5><\/div>\n<\/div>\n\n\n\n<div class=\"wp-block-uagb-container uagb-block-639be7aa\">\n<div class=\"wp-block-uagb-advanced-heading uagb-block-3da9d0a2\"><h2 class=\"uagb-heading-text\">\u00bfQU\u00c9 HACEMOS?<\/h2><\/div>\n<\/div>\n\n\n\n<div class=\"wp-block-uagb-container uagb-block-32dc08e3\">\n<div class=\"wp-block-uagb-buttons uagb-buttons__outer-wrap uagb-btn__default-btn uagb-btn-tablet__default-btn uagb-btn-mobile__default-btn uagb-block-def2e106\"><div class=\"uagb-buttons__wrap uagb-buttons-layout-wrap\">\n<div class=\"wp-block-uagb-buttons-child uagb-buttons__outer-wrap uagb-block-a910894f wp-block-button is-style-outline\"><div class=\"uagb-button__wrapper\"><a class=\"uagb-buttons-repeater wp-block-button__link\" href=\"#\" onclick=\"return false;\" rel=\"follow noopener\" target=\"_self\"><span class=\"uagb-button__icon uagb-button__icon-position-after\"><svg xmlns=\"https:\/\/www.w3.org\/2000\/svg\" viewBox=\"0 0 256 512\"><path d=\"M64 448c-8.188 0-16.38-3.125-22.62-9.375c-12.5-12.5-12.5-32.75 0-45.25L178.8 256L41.38 118.6c-12.5-12.5-12.5-32.75 0-45.25s32.75-12.5 45.25 0l160 160c12.5 12.5 12.5 32.75 0 45.25l-160 160C80.38 444.9 72.19 448 64 448z\"><\/path><\/svg><\/span><\/a><\/div><\/div>\n<\/div><\/div>\n<\/div>\n<\/div><\/div>\n\n\n\n<div class=\"wp-block-uagb-container uagb-block-011825cb alignfull uagb-is-root-container\"><div class=\"uagb-container-inner-blocks-wrap\">\n<div class=\"wp-block-uagb-container uagb-block-1c1dc456\">\n<div class=\"wp-block-uagb-container uagb-block-068faca3\">\n<div class=\"wp-block-uagb-container uagb-block-4b9b6f03\">\n<div class=\"wp-block-uagb-advanced-heading uagb-block-e22fdfee\"><h6 class=\"uagb-heading-text\">Nuestra virtud<\/h6><\/div>\n\n\n\n<div class=\"wp-block-uagb-advanced-heading uagb-block-a217ba23\"><h4 class=\"uagb-heading-text\"><strong>Correcci\u00f3n de Errores<\/strong><\/h4><p class=\"uagb-desc-text\">En K Plus, la correcci\u00f3n precisa de errores en tu informe crediticio es nuestra prioridad. Identificamos y corregimos inexactitudes, informaci\u00f3n desactualizada o cualquier error t\u00e9cnico que pueda afectar tu puntaje. Esta atenci\u00f3n meticulosa es esencial para elevar tu historial crediticio.<\/p><\/div>\n<\/div>\n\n\n\n<div class=\"wp-block-uagb-container uagb-block-4d45174e\">\n<div class=\"wp-block-uagb-image uagb-block-f4150934 wp-block-uagb-image--layout-default wp-block-uagb-image--effect-static wp-block-uagb-image--align-none\"><figure class=\"wp-block-uagb-image__figure\"><img decoding=\"async\" srcset=\"https:\/\/kplus.com.co\/wp-content\/uploads\/2023\/10\/5c2b392585f0343b50f078-1024x768.png \" sizes=\"(max-width: 480px) 150px\" src=\"https:\/\/kplus.com.co\/wp-content\/uploads\/2023\/10\/5c2b392585f0343b50f078-1024x768.png\" alt=\"\" class=\"uag-image-2365\" width=\"1024\" height=\"768\" title=\"\" loading=\"lazy\"\/><\/figure><\/div>\n<\/div>\n<\/div>\n\n\n\n<div class=\"wp-block-uagb-container uagb-block-8f1cb5e5\">\n<div class=\"wp-block-uagb-container uagb-block-627d8718\">\n<figure class=\"wp-block-image size-full is-resized\"><img decoding=\"async\" loading=\"lazy\" src=\"https:\/\/kplus.com.co\/wp-content\/uploads\/2023\/10\/v24jAjeB.gif\" alt=\"\" class=\"wp-image-2378\" width=\"299\" height=\"224\"\/><\/figure>\n<\/div>\n\n\n\n<div class=\"wp-block-uagb-container uagb-block-b6de71db\">\n<div class=\"wp-block-uagb-advanced-heading uagb-block-3dfe8e64\"><h6 class=\"uagb-heading-text\"><strong>El ahorro es tuyo<\/strong><\/h6><\/div>\n\n\n\n<div class=\"wp-block-uagb-advanced-heading uagb-block-1b66fb1f\"><h4 class=\"uagb-heading-text\"><strong>Negociaci\u00f3n Personalizada con Acreedores<\/strong><\/h4><p class=\"uagb-desc-text\">Nuestro equipo negocia con los acreedores en tu nombre, buscando acuerdos de pago, eliminaci\u00f3n de entradas negativas y reestructuraci\u00f3n de deudas. La negociaci\u00f3n efectiva no solo mejora tu historial, sino que tambi\u00e9n construye relaciones positivas con los acreedores.<\/p><\/div>\n<\/div>\n<\/div>\n\n\n\n<div class=\"wp-block-uagb-container uagb-block-6d542cf3\">\n<div class=\"wp-block-uagb-container uagb-block-821b36f2\">\n<div class=\"wp-block-uagb-advanced-heading uagb-block-1c7aafb5\"><h6 class=\"uagb-heading-text\"><strong>Una amistad que camina<\/strong><\/h6><\/div>\n\n\n\n<div class=\"wp-block-uagb-advanced-heading uagb-block-e611622d\"><h4 class=\"uagb-heading-text\"><strong>Asesoramiento y Educaci\u00f3n Financiera de K Plu<\/strong>s<\/h4><p class=\"uagb-desc-text\">En K Plus, la reparaci\u00f3n de cr\u00e9dito va m\u00e1s all\u00e1. Te proporcionamos asesoramiento financiero, ense\u00f1\u00e1ndote pr\u00e1cticas saludables para manejar tu cr\u00e9dito. Esta educaci\u00f3n no solo corrige problemas actuales, sino que tambi\u00e9n te equipa con el conocimiento financiero necesario para mantener un historial crediticio s\u00f3lido a largo plazo.<\/p><\/div>\n<\/div>\n\n\n\n<div class=\"wp-block-uagb-container uagb-block-0f8a15c1\">\n<figure class=\"wp-block-image size-full is-resized\"><img decoding=\"async\" loading=\"lazy\" src=\"https:\/\/kplus.com.co\/wp-content\/uploads\/2023\/10\/image-4.png\" alt=\"\" class=\"wp-image-2384\" width=\"264\" height=\"269\" srcset=\"https:\/\/kplus.com.co\/wp-content\/uploads\/2023\/10\/image-4.png 720w, https:\/\/kplus.com.co\/wp-content\/uploads\/2023\/10\/image-4-294x300.png 294w, https:\/\/kplus.com.co\/wp-content\/uploads\/2023\/10\/image-4-600x612.png 600w\" sizes=\"(max-width: 264px) 100vw, 264px\" \/><\/figure>\n<\/div>\n<\/div>\n<\/div>\n<\/div><\/div>\n\n\n\n<div class=\"wp-block-uagb-container uagb-block-1feee4f5 alignfull uagb-is-root-container\"><div class=\"uagb-container-inner-blocks-wrap\">\n<div class=\"wp-block-uagb-container uagb-block-ef006404\">\n<div class=\"wp-block-uagb-advanced-heading uagb-block-ce6ddf3d\"><h6 class=\"uagb-heading-text\">03<\/h6><\/div>\n\n\n\n<div class=\"wp-block-uagb-advanced-heading uagb-block-fb146f40\"><h5 class=\"uagb-heading-text\">Reporte de cr\u00e9dito<\/h5><\/div>\n<\/div>\n\n\n\n<div class=\"wp-block-uagb-container uagb-block-9374430f\">\n<div class=\"wp-block-uagb-advanced-heading uagb-block-1b263c7f\"><h2 class=\"uagb-heading-text\">REPORTE DE CR\u00c9DITO $1<\/h2><\/div>\n<\/div>\n\n\n\n<div class=\"wp-block-uagb-container uagb-block-d6d4fa4e\">\n<div class=\"wp-block-group is-layout-constrained\">\n<div class=\"wp-block-group is-layout-constrained\">\n<figure class=\"wp-block-image size-full is-resized\"><a href=\"https:\/\/member.identityiq.com\/sc-securemax.aspx?offercode=4312736D\" target=\"_blank\" rel=\"noreferrer noopener\"><img decoding=\"async\" loading=\"lazy\" src=\"https:\/\/kplus.com.co\/wp-content\/uploads\/2024\/01\/Vantage.png\" alt=\"\" class=\"wp-image-2437\" width=\"266\" height=\"41\" srcset=\"https:\/\/kplus.com.co\/wp-content\/uploads\/2024\/01\/Vantage.png 621w, https:\/\/kplus.com.co\/wp-content\/uploads\/2024\/01\/Vantage-300x47.png 300w, https:\/\/kplus.com.co\/wp-content\/uploads\/2024\/01\/Vantage-600x94.png 600w\" sizes=\"(max-width: 266px) 100vw, 266px\" \/><\/a><\/figure>\n<\/div>\n\n\n\n<div class=\"wp-block-group is-layout-constrained\">\n<figure class=\"wp-block-image size-full\"><a href=\"https:\/\/enroll.myscoreiq.com\/?lredir=1&amp;plancode=PLANM6X&amp;offercode=43212961\" target=\"_blank\" rel=\"noreferrer noopener\"><img decoding=\"async\" src=\"https:\/\/kplus.com.co\/wp-content\/uploads\/2024\/01\/fICO.svg\" alt=\"\" class=\"wp-image-2438\"\/><\/a><\/figure>\n<\/div>\n<\/div>\n<\/div>\n<\/div><\/div>\n\n\n\n<div class=\"wp-block-uagb-container uagb-block-25556785 alignfull uagb-is-root-container\"><div class=\"uagb-container-inner-blocks-wrap\">\n<div class=\"wp-block-uagb-container uagb-block-dd12fc49\">\n<div class=\"wp-block-uagb-advanced-heading uagb-block-a1227074\"><h6 class=\"uagb-heading-text\">04<\/h6><\/div>\n\n\n\n<div class=\"wp-block-uagb-advanced-heading uagb-block-7227c917\"><h5 class=\"uagb-heading-text\">Sobre Nosotros<\/h5><\/div>\n<\/div>\n\n\n\n<div class=\"wp-block-uagb-container uagb-block-f740c642\">\n<div class=\"wp-block-uagb-advanced-heading uagb-block-72c39f03\"><h2 class=\"uagb-heading-text\">\u00bfQUIENES SOMOS?<\/h2><\/div>\n<\/div>\n\n\n\n<div class=\"wp-block-uagb-container uagb-block-381e6524\">\n<div class=\"wp-block-uagb-buttons uagb-buttons__outer-wrap uagb-btn__default-btn uagb-btn-tablet__default-btn uagb-btn-mobile__default-btn uagb-block-5535817a\"><div class=\"uagb-buttons__wrap uagb-buttons-layout-wrap\">\n<div class=\"wp-block-uagb-buttons-child uagb-buttons__outer-wrap uagb-block-564072fd wp-block-button is-style-outline\"><div class=\"uagb-button__wrapper\"><a class=\"uagb-buttons-repeater wp-block-button__link\" href=\"#\" onclick=\"return false;\" rel=\"follow noopener\" target=\"_self\"><span class=\"uagb-button__icon uagb-button__icon-position-after\"><svg xmlns=\"https:\/\/www.w3.org\/2000\/svg\" viewBox=\"0 0 256 512\"><path d=\"M64 448c-8.188 0-16.38-3.125-22.62-9.375c-12.5-12.5-12.5-32.75 0-45.25L178.8 256L41.38 118.6c-12.5-12.5-12.5-32.75 0-45.25s32.75-12.5 45.25 0l160 160c12.5 12.5 12.5 32.75 0 45.25l-160 160C80.38 444.9 72.19 448 64 448z\"><\/path><\/svg><\/span><\/a><\/div><\/div>\n<\/div><\/div>\n<\/div>\n<\/div><\/div>\n\n\n\n<div class=\"wp-block-uagb-container uagb-block-db1d9390 alignfull uagb-is-root-container\"><div class=\"uagb-container-inner-blocks-wrap\">\n<div class=\"wp-block-uagb-container uagb-block-cb421cd1\">\n<div class=\"wp-block-uagb-advanced-heading uagb-block-452047b7\"><h4 class=\"uagb-heading-text\">Somos m\u00e1s que una empresa de reparaci\u00f3n de cr\u00e9dito; somos tus aliados en el camino hacia una salud crediticia s\u00f3lida. Con m\u00e1s de una d\u00e9cada de experiencia, en K Plus nos especializamos en personalizar soluciones que se adaptan a tus necesidades \u00fanicas.<\/h4><\/div>\n\n\n\n<div class=\"wp-block-uagb-container uagb-block-19d446e6\">\n<div class=\"wp-block-uagb-container uagb-block-b6221862\">\n<div class=\"wp-block-uagb-advanced-heading uagb-block-27bec10d\"><h3 class=\"uagb-heading-text\">Donde decidimos actuar, tu cr\u00e9dito prospera.<\/h3><\/div>\n<\/div>\n\n\n\n<div class=\"wp-block-uagb-container uagb-block-d14cc3e8\">\n<div class=\"wp-block-uagb-advanced-heading uagb-block-11bbedd1\"><p class=\"uagb-heading-text\">Comenzamos nuestro viaje tras enfrentar desaf\u00edos crediticios personales y decidir aprender c\u00f3mo reparar el cr\u00e9dito de manera efectiva. A lo largo de los a\u00f1os, hemos crecido gracias a la confianza de miles de clientes que han experimentado una transformaci\u00f3n positiva en su salud crediticia.<\/p><\/div>\n\n\n\n<div class=\"wp-block-uagb-advanced-heading uagb-block-3212eef1\"><p class=\"uagb-heading-text\">Nuestro enfoque integral incluye la identificaci\u00f3n y correcci\u00f3n precisa de errores en tu informe crediticio, negociaciones estrat\u00e9gicas con acreedores para mejorar tu historial, y un compromiso continuo con tu educaci\u00f3n financiera. No solo reparamos el pasado, sino que tambi\u00e9n te capacitamos con el conocimiento necesario para un futuro financiero s\u00f3lido.<\/p><\/div>\n<\/div>\n<\/div>\n<\/div>\n<\/div><\/div>\n","protected":false},"excerpt":{"rendered":"<p>Your Attractive Heading Repara tu cr\u00e9dito hoy Tu cr\u00e9dito no define qui\u00e9n eres, pero s\u00ed puede influir en el camino que eliges tomar. Trabajar en su reparaci\u00f3n es como invertir en tu propia libertad financiera 01 Servicios Evaluaci\u00f3n Gratuita de Cr\u00e9dito En K Plus, tu camino hacia un mejor cr\u00e9dito comienza con nuestra Evaluaci\u00f3n Gratuita. &hellip;<\/p>\n<p class=\"read-more\"> <a class=\"\" href=\"https:\/\/kplus.com.co\/\"> <span class=\"screen-reader-text\">Home<\/span> Read More &raquo;<\/a><\/p>\n","protected":false},"author":1,"featured_media":0,"parent":0,"menu_order":0,"comment_status":"closed","ping_status":"closed","template":"","meta":{"om_disable_all_campaigns":false,"_uag_custom_page_level_css":"","site-sidebar-layout":"default","site-content-layout":"","ast-site-content-layout":"default","site-content-style":"default","site-sidebar-style":"default","ast-global-header-display":"","ast-banner-title-visibility":"","ast-main-header-display":"","ast-hfb-above-header-display":"","ast-hfb-below-header-display":"","ast-hfb-mobile-header-display":"","site-post-title":"disabled","ast-breadcrumbs-content":"","ast-featured-img":"","footer-sml-layout":"","theme-transparent-header-meta":"enabled","adv-header-id-meta":"","stick-header-meta":"","header-above-stick-meta":"","header-main-stick-meta":"","header-below-stick-meta":"","astra-migrate-meta-layouts":"set"},"aioseo_notices":[],"uagb_featured_image_src":{"full":false,"thumbnail":false,"medium":false,"medium_large":false,"large":false,"1536x1536":false,"2048x2048":false,"woocommerce_thumbnail":false,"woocommerce_single":false,"woocommerce_gallery_thumbnail":false},"uagb_author_info":{"display_name":"juandathh@gmail.com","author_link":"https:\/\/kplus.com.co\/index.php\/author\/juandathhgmail-com\/"},"uagb_comment_info":0,"uagb_excerpt":"Your Attractive Heading Repara tu cr\u00e9dito hoy Tu cr\u00e9dito no define qui\u00e9n eres, pero s\u00ed puede influir en el camino que eliges tomar. Trabajar en su reparaci\u00f3n es como invertir en tu propia libertad financiera 01 Servicios Evaluaci\u00f3n Gratuita de Cr\u00e9dito En K Plus, tu camino hacia un mejor cr\u00e9dito comienza con nuestra Evaluaci\u00f3n Gratuita.&hellip;","_links":{"self":[{"href":"https:\/\/kplus.com.co\/index.php\/wp-json\/wp\/v2\/pages\/2318"}],"collection":[{"href":"https:\/\/kplus.com.co\/index.php\/wp-json\/wp\/v2\/pages"}],"about":[{"href":"https:\/\/kplus.com.co\/index.php\/wp-json\/wp\/v2\/types\/page"}],"author":[{"embeddable":true,"href":"https:\/\/kplus.com.co\/index.php\/wp-json\/wp\/v2\/users\/1"}],"replies":[{"embeddable":true,"href":"https:\/\/kplus.com.co\/index.php\/wp-json\/wp\/v2\/comments?post=2318"}],"version-history":[{"count":39,"href":"https:\/\/kplus.com.co\/index.php\/wp-json\/wp\/v2\/pages\/2318\/revisions"}],"predecessor-version":[{"id":2448,"href":"https:\/\/kplus.com.co\/index.php\/wp-json\/wp\/v2\/pages\/2318\/revisions\/2448"}],"wp:attachment":[{"href":"https:\/\/kplus.com.co\/index.php\/wp-json\/wp\/v2\/media?parent=2318"}],"curies":[{"name":"wp","href":"https:\/\/api.w.org\/{rel}","templated":true}]}}