{"id":8,"date":"2023-04-25T17:14:29","date_gmt":"2023-04-25T22:14:29","guid":{"rendered":"http:\/\/kplus.com.co\/index.php\/my-account\/"},"modified":"2024-01-02T17:22:53","modified_gmt":"2024-01-02T22:22:53","slug":"nosotros","status":"publish","type":"page","link":"https:\/\/kplus.com.co\/index.php\/nosotros\/","title":{"rendered":"Sobre Nosotros"},"content":{"rendered":"\n<p>Bienvenidos a nuestra empresa, l\u00edderes en la reparaci\u00f3n y el asesoramiento de cr\u00e9dito. Con m\u00e1s de 10 a\u00f1os de experiencia en la industria, hemos ayudado a miles de clientes a mejorar su puntaje crediticio y a obtener la tranquilidad financiera que merecen. Nos especializamos en soluciones personalizadas para cada cliente, brindando asesoramiento financiero y educaci\u00f3n para tomar decisiones informadas y evitar futuros problemas.<\/p>\n\n\n\n<p>Lo que nos diferencia de otras empresas es nuestra historia. Comenzamos en este negocio despu\u00e9s de tener malas experiencias con empresas de reparaci\u00f3n de cr\u00e9dito poco confiables. A partir de all\u00ed, decidimos aprender todo lo que pudimos sobre reparaci\u00f3n de cr\u00e9dito y convertirnos en expertos en el campo. Desde entonces, hemos ayudado a cientos de personas a mejorar su cr\u00e9dito y recuperar su estabilidad financiera.<\/p>\n\n\n\n<p>Valoramos a nuestros clientes y nos aseguramos de que tengan una experiencia de servicio al cliente excepcional. Nuestro equipo est\u00e1 altamente capacitado y comprometido con la excelencia en el servicio. Nos enfocamos no solo en mejorar la calificaci\u00f3n crediticia, sino tambi\u00e9n en brindar apoyo emocional a nuestros clientes, ya que sabemos que el mal cr\u00e9dito puede tener un gran impacto en la salud mental.<\/p>\n\n\n\n<p>A lo largo de los a\u00f1os, hemos construido una s\u00f3lida reputaci\u00f3n como una empresa confiable y profesional en el campo de la reparaci\u00f3n de cr\u00e9dito y el asesoramiento financiero. Agradecemos a todos nuestros clientes que han confiado en nosotros para ayudarlos a mejorar su situaci\u00f3n financiera y emocional.<\/p>\n\n\n\n<p>Ofrecemos una consulta gratuita para que nuestros clientes puedan conocer m\u00e1s sobre nuestros servicios y c\u00f3mo podemos ayudarles a mejorar su cr\u00e9dito y su calidad de vida. Ya sea que necesite asistencia con su puntaje crediticio, asesoramiento financiero o simplemente tenga preguntas, estamos aqu\u00ed para ayudarlo. No espere m\u00e1s para tomar el control de su situaci\u00f3n financiera y mejorar su salud mental. Comun\u00edquese con nosotros hoy mismo para programar su consulta gratuita y comenzar su camino hacia la libertad financiera.<\/p>\n\n\n<blockquote class=\"wp-embedded-content\" data-secret=\"pYbPqj5zhS\"><p><a href=\"https:\/\/kplus.com.co\/\">Home<\/a><\/p><\/blockquote>\n<p><iframe class=\"wp-embedded-content\" sandbox=\"allow-scripts\" security=\"restricted\" style=\"position: absolute; clip: rect(1px, 1px, 1px, 1px);\" title=\"&#8220;Home&#8221; &#8212; kplus.com.co\" src=\"https:\/\/kplus.com.co\/embed\/#?secret=cbqE1SS3i6#?secret=pYbPqj5zhS\" data-secret=\"pYbPqj5zhS\" width=\"500\" height=\"282\" frameborder=\"0\" marginwidth=\"0\" marginheight=\"0\" scrolling=\"no\"><\/iframe><\/p>\n\n\n\n<figure class=\"wp-block-image size-large\"><img decoding=\"async\" loading=\"lazy\" width=\"1024\" height=\"512\" src=\"http:\/\/kplus.com.co\/wp-content\/uploads\/2023\/04\/Equipo-1024x512.png\" alt=\"\" class=\"wp-image-836\" srcset=\"https:\/\/kplus.com.co\/wp-content\/uploads\/2023\/04\/Equipo-1024x512.png 1024w, https:\/\/kplus.com.co\/wp-content\/uploads\/2023\/04\/Equipo-600x300.png 600w, https:\/\/kplus.com.co\/wp-content\/uploads\/2023\/04\/Equipo-300x150.png 300w, https:\/\/kplus.com.co\/wp-content\/uploads\/2023\/04\/Equipo-768x384.png 768w, https:\/\/kplus.com.co\/wp-content\/uploads\/2023\/04\/Equipo-1536x768.png 1536w, https:\/\/kplus.com.co\/wp-content\/uploads\/2023\/04\/Equipo-2048x1024.png 2048w\" sizes=\"(max-width: 1024px) 100vw, 1024px\" \/><\/figure>\n","protected":false},"excerpt":{"rendered":"<p>Bienvenidos a nuestra empresa, l\u00edderes en la reparaci\u00f3n y el asesoramiento de cr\u00e9dito. Con m\u00e1s de 10 a\u00f1os de experiencia en la industria, hemos ayudado a miles de clientes a mejorar su puntaje crediticio y a obtener la tranquilidad financiera que merecen. Nos especializamos en soluciones personalizadas para cada cliente, brindando asesoramiento financiero y educaci\u00f3n &hellip;<\/p>\n<p class=\"read-more\"> <a class=\"\" href=\"https:\/\/kplus.com.co\/index.php\/nosotros\/\"> <span class=\"screen-reader-text\">Sobre Nosotros<\/span> Read More &raquo;<\/a><\/p>\n","protected":false},"author":1,"featured_media":0,"parent":0,"menu_order":0,"comment_status":"closed","ping_status":"closed","template":"","meta":{"om_disable_all_campaigns":false,"_uag_custom_page_level_css":"","site-sidebar-layout":"default","site-content-layout":"","ast-site-content-layout":"default","site-content-style":"default","site-sidebar-style":"default","ast-global-header-display":"","ast-banner-title-visibility":"","ast-main-header-display":"","ast-hfb-above-header-display":"","ast-hfb-below-header-display":"","ast-hfb-mobile-header-display":"","site-post-title":"disabled","ast-breadcrumbs-content":"","ast-featured-img":"","footer-sml-layout":"","theme-transparent-header-meta":"","adv-header-id-meta":"","stick-header-meta":"","header-above-stick-meta":"","header-main-stick-meta":"","header-below-stick-meta":"","astra-migrate-meta-layouts":"set"},"aioseo_notices":[],"uagb_featured_image_src":{"full":false,"thumbnail":false,"medium":false,"medium_large":false,"large":false,"1536x1536":false,"2048x2048":false,"woocommerce_thumbnail":false,"woocommerce_single":false,"woocommerce_gallery_thumbnail":false},"uagb_author_info":{"display_name":"juandathh@gmail.com","author_link":"https:\/\/kplus.com.co\/index.php\/author\/juandathhgmail-com\/"},"uagb_comment_info":0,"uagb_excerpt":"Bienvenidos a nuestra empresa, l\u00edderes en la reparaci\u00f3n y el asesoramiento de cr\u00e9dito. Con m\u00e1s de 10 a\u00f1os de experiencia en la industria, hemos ayudado a miles de clientes a mejorar su puntaje crediticio y a obtener la tranquilidad financiera que merecen. Nos especializamos en soluciones personalizadas para cada cliente, brindando asesoramiento financiero y educaci\u00f3n&hellip;","_links":{"self":[{"href":"https:\/\/kplus.com.co\/index.php\/wp-json\/wp\/v2\/pages\/8"}],"collection":[{"href":"https:\/\/kplus.com.co\/index.php\/wp-json\/wp\/v2\/pages"}],"about":[{"href":"https:\/\/kplus.com.co\/index.php\/wp-json\/wp\/v2\/types\/page"}],"author":[{"embeddable":true,"href":"https:\/\/kplus.com.co\/index.php\/wp-json\/wp\/v2\/users\/1"}],"replies":[{"embeddable":true,"href":"https:\/\/kplus.com.co\/index.php\/wp-json\/wp\/v2\/comments?post=8"}],"version-history":[{"count":3,"href":"https:\/\/kplus.com.co\/index.php\/wp-json\/wp\/v2\/pages\/8\/revisions"}],"predecessor-version":[{"id":2429,"href":"https:\/\/kplus.com.co\/index.php\/wp-json\/wp\/v2\/pages\/8\/revisions\/2429"}],"wp:attachment":[{"href":"https:\/\/kplus.com.co\/index.php\/wp-json\/wp\/v2\/media?parent=8"}],"curies":[{"name":"wp","href":"https:\/\/api.w.org\/{rel}","templated":true}]}}